{"id":22590,"date":"2023-11-30T08:58:22","date_gmt":"2023-11-30T07:58:22","guid":{"rendered":"https:\/\/realswisscheese.com\/?post_type=product&#038;p=22590"},"modified":"2024-03-18T12:51:15","modified_gmt":"2024-03-18T11:51:15","slug":"appenzeller","status":"publish","type":"product","link":"https:\/\/realswisscheese.ch\/de\/product\/appenzeller\/","title":{"rendered":"Appenzeller"},"content":{"rendered":"<table width=\"609\">\n<tbody>\n<tr>\n<td width=\"304\">Laibdurchmesser<\/td>\n<td width=\"304\">30-33cm<\/td>\n<\/tr>\n<tr>\n<td width=\"304\">Gewicht<\/td>\n<td width=\"304\">Laib: 6 - 7 kg<\/td>\n<\/tr>\n<tr>\n<td width=\"304\">Milch<\/td>\n<td width=\"304\">Kuhmilch<\/td>\n<\/tr>\n<tr>\n<td width=\"304\">Milchbehandlung<\/td>\n<td width=\"304\">Rohmilch<\/td>\n<\/tr>\n<\/tbody>\n<\/table>\n<table width=\"609\">\n<tbody>\n<tr>\n<td width=\"304\">Typ<\/td>\n<td width=\"304\">Schnittk\u00e4se<\/td>\n<\/tr>\n<tr>\n<td width=\"304\">F.i.T.<\/td>\n<td width=\"304\">min. 45%<\/td>\n<\/tr>\n<tr>\n<td width=\"304\">Lagerungstemperatur<\/td>\n<td width=\"304\">2 bis 6\u00b0C<\/td>\n<\/tr>\n<tr>\n<td width=\"304\">Textur<\/td>\n<td width=\"304\">Zart, geschmeidig<\/td>\n<\/tr>\n<tr>\n<td width=\"304\">Farbe<\/td>\n<td width=\"304\">Elfenbeinfarbig<\/td>\n<\/tr>\n<tr>\n<td width=\"304\"><\/td>\n<td width=\"304\"><\/td>\n<\/tr>\n<\/tbody>\n<\/table>","protected":false},"excerpt":{"rendered":"<p>Appenzeller ist als w\u00fcrzigste K\u00e4se der Schweiz, eine echte Ikone. Seine Heimat, das Appenzellerland, steht f\u00fcr gelebtes Brauchtum, sanfte H\u00fcgel und eine einzigartige Natur. Seit \u00fcber 700 Jahren wird hier K\u00e4se mit viel Leidenschaft und nach \u00fcberlieferten Rezepturen hergestellt. Was Appenzeller so besonders macht? Seine ber\u00fchmte Kr\u00e4utersulzbehandlung, die w\u00e4hrend der Reifung zum Einsatz kommt. Genau diese Pflege verleiht dem K\u00e4se seinen unverwechselbar w\u00fcrzigen Geschmack.<\/p>\n<p>Von mild bis kr\u00e4ftig: Appenzeller bietet f\u00fcr jeden Geschmack die passende Variante ohne dabei seinen typischen Charakter zu verlieren.<\/p>\n<p><strong>Silber Label:<\/strong> Reifezeit: min. 3 Monate - Geschmack: mild-w\u00fcrzig<br \/>\n<strong>Schwarzes Label:<\/strong> Reifezeit: min. 6 Monate - Geschmack: extra-w\u00fcrzig<br \/>\n<strong>Violettes Label<\/strong> Reifezeit: min. 9 Monate - Geschmack: edel-w\u00fcrzig, mit zarten Reifekristallen<\/p>","protected":false},"featured_media":23816,"template":"","meta":[],"product_brand":[],"product_cat":[211],"product_tag":[],"class_list":{"0":"post-22590","1":"product","2":"type-product","3":"status-publish","4":"has-post-thumbnail","6":"product_cat-swiss-classics","8":"first","9":"instock","10":"shipping-taxable","11":"product-type-simple"},"yoast_head":"<!-- This site is optimized with the Yoast SEO plugin v26.2 - https:\/\/yoast.com\/wordpress\/plugins\/seo\/ -->\n<title>Appenzeller - RSC - Real Swiss Cheese<\/title>\n<meta name=\"robots\" content=\"index, follow, max-snippet:-1, max-image-preview:large, max-video-preview:-1\" \/>\n<link rel=\"canonical\" href=\"https:\/\/realswisscheese.ch\/de\/produkt\/appenzeller\/\" \/>\n<meta property=\"og:locale\" content=\"de_DE\" \/>\n<meta property=\"og:type\" content=\"article\" \/>\n<meta property=\"og:title\" content=\"Appenzeller - RSC - Real Swiss Cheese\" \/>\n<meta property=\"og:description\" content=\"The Appenzellerland, a region rich with its distinctive culture, nestled amidst stunning mountain ranges and breathtaking views. This is the perfect gateway for those wanting to traverse unspoiled terrains and delve into traditions that have been alive for centuries. With a lineage that spans over 700 years, Appenzeller cheese is a timeless staple. It&#039;s a reflection of the beauty and heritage of Appenzellerland, essential to the fabric of our local cuisine and beloved by chefs and food enthusiasts alike.  The range of Appenzeller cheeses go from creamy, mild, fruity, to savoury and spicy, without losing the typical character of Appenzeller. There is something for every taste preference to be discovered here. (all types available on request)  Silver Label: Maturation period min. 3 months - Flavour: mild, creamy, tangy Black Label: Maturation period min. 6 months - Flavour: creamy, tangy, strong Purple Label: Maturation period min. 9 months - Flavour: tangy, strong\" \/>\n<meta property=\"og:url\" content=\"https:\/\/realswisscheese.ch\/de\/produkt\/appenzeller\/\" \/>\n<meta property=\"og:site_name\" content=\"RSC - Real Swiss Cheese\" \/>\n<meta property=\"article:modified_time\" content=\"2024-03-18T11:51:15+00:00\" \/>\n<meta property=\"og:image\" content=\"https:\/\/realswisscheese.ch\/wp-content\/uploads\/2023\/12\/appenzeller-mild-PhotoRoom.png-PhotoRoom.png\" \/>\n\t<meta property=\"og:image:width\" content=\"1000\" \/>\n\t<meta property=\"og:image:height\" content=\"1000\" \/>\n\t<meta property=\"og:image:type\" content=\"image\/png\" \/>\n<meta name=\"twitter:card\" content=\"summary_large_image\" \/>\n<script type=\"application\/ld+json\" class=\"yoast-schema-graph\">{\"@context\":\"https:\/\/schema.org\",\"@graph\":[{\"@type\":\"WebPage\",\"@id\":\"https:\/\/realswisscheese.ch\/product\/appenzeller\/\",\"url\":\"https:\/\/realswisscheese.ch\/product\/appenzeller\/\",\"name\":\"Appenzeller - RSC - Real Swiss Cheese\",\"isPartOf\":{\"@id\":\"https:\/\/realswisscheese.ch\/#website\"},\"primaryImageOfPage\":{\"@id\":\"https:\/\/realswisscheese.ch\/product\/appenzeller\/#primaryimage\"},\"image\":{\"@id\":\"https:\/\/realswisscheese.ch\/product\/appenzeller\/#primaryimage\"},\"thumbnailUrl\":\"https:\/\/realswisscheese.ch\/wp-content\/uploads\/2023\/12\/appenzeller-mild-PhotoRoom.png-PhotoRoom.png\",\"datePublished\":\"2023-11-30T07:58:22+00:00\",\"dateModified\":\"2024-03-18T11:51:15+00:00\",\"breadcrumb\":{\"@id\":\"https:\/\/realswisscheese.ch\/product\/appenzeller\/#breadcrumb\"},\"inLanguage\":\"de\",\"potentialAction\":[{\"@type\":\"ReadAction\",\"target\":[\"https:\/\/realswisscheese.ch\/product\/appenzeller\/\"]}]},{\"@type\":\"ImageObject\",\"inLanguage\":\"de\",\"@id\":\"https:\/\/realswisscheese.ch\/product\/appenzeller\/#primaryimage\",\"url\":\"https:\/\/realswisscheese.ch\/wp-content\/uploads\/2023\/12\/appenzeller-mild-PhotoRoom.png-PhotoRoom.png\",\"contentUrl\":\"https:\/\/realswisscheese.ch\/wp-content\/uploads\/2023\/12\/appenzeller-mild-PhotoRoom.png-PhotoRoom.png\",\"width\":1000,\"height\":1000},{\"@type\":\"BreadcrumbList\",\"@id\":\"https:\/\/realswisscheese.ch\/product\/appenzeller\/#breadcrumb\",\"itemListElement\":[{\"@type\":\"ListItem\",\"position\":1,\"name\":\"Home\",\"item\":\"https:\/\/realswisscheese.ch\/\"},{\"@type\":\"ListItem\",\"position\":2,\"name\":\"Our Products\",\"item\":\"https:\/\/realswisscheese.ch\/our-products\/\"},{\"@type\":\"ListItem\",\"position\":3,\"name\":\"Appenzeller\"}]},{\"@type\":\"WebSite\",\"@id\":\"https:\/\/realswisscheese.ch\/#website\",\"url\":\"https:\/\/realswisscheese.ch\/\",\"name\":\"RSC - Real Swiss Cheese\",\"description\":\"Premium Swiss Cheese\",\"publisher\":{\"@id\":\"https:\/\/realswisscheese.ch\/#organization\"},\"potentialAction\":[{\"@type\":\"SearchAction\",\"target\":{\"@type\":\"EntryPoint\",\"urlTemplate\":\"https:\/\/realswisscheese.ch\/?s={search_term_string}\"},\"query-input\":{\"@type\":\"PropertyValueSpecification\",\"valueRequired\":true,\"valueName\":\"search_term_string\"}}],\"inLanguage\":\"de\"},{\"@type\":\"Organization\",\"@id\":\"https:\/\/realswisscheese.ch\/#organization\",\"name\":\"RSC - Real Swiss Cheese\",\"url\":\"https:\/\/realswisscheese.ch\/\",\"logo\":{\"@type\":\"ImageObject\",\"inLanguage\":\"de\",\"@id\":\"https:\/\/realswisscheese.ch\/#\/schema\/logo\/image\/\",\"url\":\"https:\/\/realswisscheese.ch\/wp-content\/uploads\/2023\/04\/cropped-Logo_RSC_RGB-1.png\",\"contentUrl\":\"https:\/\/realswisscheese.ch\/wp-content\/uploads\/2023\/04\/cropped-Logo_RSC_RGB-1.png\",\"width\":1200,\"height\":1200,\"caption\":\"RSC - Real Swiss Cheese\"},\"image\":{\"@id\":\"https:\/\/realswisscheese.ch\/#\/schema\/logo\/image\/\"}}]}<\/script>\n<!-- \/ Yoast SEO plugin. -->","yoast_head_json":{"title":"Appenzeller - RSC - Real Swiss Cheese","robots":{"index":"index","follow":"follow","max-snippet":"max-snippet:-1","max-image-preview":"max-image-preview:large","max-video-preview":"max-video-preview:-1"},"canonical":"https:\/\/realswisscheese.ch\/de\/produkt\/appenzeller\/","og_locale":"de_DE","og_type":"article","og_title":"Appenzeller - RSC - Real Swiss Cheese","og_description":"The Appenzellerland, a region rich with its distinctive culture, nestled amidst stunning mountain ranges and breathtaking views. This is the perfect gateway for those wanting to traverse unspoiled terrains and delve into traditions that have been alive for centuries. With a lineage that spans over 700 years, Appenzeller cheese is a timeless staple. It's a reflection of the beauty and heritage of Appenzellerland, essential to the fabric of our local cuisine and beloved by chefs and food enthusiasts alike.  The range of Appenzeller cheeses go from creamy, mild, fruity, to savoury and spicy, without losing the typical character of Appenzeller. There is something for every taste preference to be discovered here. (all types available on request)  Silver Label: Maturation period min. 3 months - Flavour: mild, creamy, tangy Black Label: Maturation period min. 6 months - Flavour: creamy, tangy, strong Purple Label: Maturation period min. 9 months - Flavour: tangy, strong","og_url":"https:\/\/realswisscheese.ch\/de\/produkt\/appenzeller\/","og_site_name":"RSC - Real Swiss Cheese","article_modified_time":"2024-03-18T11:51:15+00:00","og_image":[{"width":1000,"height":1000,"url":"https:\/\/realswisscheese.ch\/wp-content\/uploads\/2023\/12\/appenzeller-mild-PhotoRoom.png-PhotoRoom.png","type":"image\/png"}],"twitter_card":"summary_large_image","schema":{"@context":"https:\/\/schema.org","@graph":[{"@type":"WebPage","@id":"https:\/\/realswisscheese.ch\/product\/appenzeller\/","url":"https:\/\/realswisscheese.ch\/product\/appenzeller\/","name":"Appenzeller - RSC - Real Swiss Cheese","isPartOf":{"@id":"https:\/\/realswisscheese.ch\/#website"},"primaryImageOfPage":{"@id":"https:\/\/realswisscheese.ch\/product\/appenzeller\/#primaryimage"},"image":{"@id":"https:\/\/realswisscheese.ch\/product\/appenzeller\/#primaryimage"},"thumbnailUrl":"https:\/\/realswisscheese.ch\/wp-content\/uploads\/2023\/12\/appenzeller-mild-PhotoRoom.png-PhotoRoom.png","datePublished":"2023-11-30T07:58:22+00:00","dateModified":"2024-03-18T11:51:15+00:00","breadcrumb":{"@id":"https:\/\/realswisscheese.ch\/product\/appenzeller\/#breadcrumb"},"inLanguage":"de","potentialAction":[{"@type":"ReadAction","target":["https:\/\/realswisscheese.ch\/product\/appenzeller\/"]}]},{"@type":"ImageObject","inLanguage":"de","@id":"https:\/\/realswisscheese.ch\/product\/appenzeller\/#primaryimage","url":"https:\/\/realswisscheese.ch\/wp-content\/uploads\/2023\/12\/appenzeller-mild-PhotoRoom.png-PhotoRoom.png","contentUrl":"https:\/\/realswisscheese.ch\/wp-content\/uploads\/2023\/12\/appenzeller-mild-PhotoRoom.png-PhotoRoom.png","width":1000,"height":1000},{"@type":"BreadcrumbList","@id":"https:\/\/realswisscheese.ch\/product\/appenzeller\/#breadcrumb","itemListElement":[{"@type":"ListItem","position":1,"name":"Home","item":"https:\/\/realswisscheese.ch\/"},{"@type":"ListItem","position":2,"name":"Our Products","item":"https:\/\/realswisscheese.ch\/our-products\/"},{"@type":"ListItem","position":3,"name":"Appenzeller"}]},{"@type":"WebSite","@id":"https:\/\/realswisscheese.ch\/#website","url":"https:\/\/realswisscheese.ch\/","name":"RSC - Real Swiss Cheese","description":"Premium Swiss Cheese","publisher":{"@id":"https:\/\/realswisscheese.ch\/#organization"},"potentialAction":[{"@type":"SearchAction","target":{"@type":"EntryPoint","urlTemplate":"https:\/\/realswisscheese.ch\/?s={search_term_string}"},"query-input":{"@type":"PropertyValueSpecification","valueRequired":true,"valueName":"search_term_string"}}],"inLanguage":"de"},{"@type":"Organization","@id":"https:\/\/realswisscheese.ch\/#organization","name":"RSC - Real Swiss Cheese","url":"https:\/\/realswisscheese.ch\/","logo":{"@type":"ImageObject","inLanguage":"de","@id":"https:\/\/realswisscheese.ch\/#\/schema\/logo\/image\/","url":"https:\/\/realswisscheese.ch\/wp-content\/uploads\/2023\/04\/cropped-Logo_RSC_RGB-1.png","contentUrl":"https:\/\/realswisscheese.ch\/wp-content\/uploads\/2023\/04\/cropped-Logo_RSC_RGB-1.png","width":1200,"height":1200,"caption":"RSC - Real Swiss Cheese"},"image":{"@id":"https:\/\/realswisscheese.ch\/#\/schema\/logo\/image\/"}}]}},"_links":{"self":[{"href":"https:\/\/realswisscheese.ch\/de\/wp-json\/wp\/v2\/product\/22590","targetHints":{"allow":["GET"]}}],"collection":[{"href":"https:\/\/realswisscheese.ch\/de\/wp-json\/wp\/v2\/product"}],"about":[{"href":"https:\/\/realswisscheese.ch\/de\/wp-json\/wp\/v2\/types\/product"}],"version-history":[{"count":19,"href":"https:\/\/realswisscheese.ch\/de\/wp-json\/wp\/v2\/product\/22590\/revisions"}],"predecessor-version":[{"id":22593,"href":"https:\/\/realswisscheese.ch\/de\/wp-json\/wp\/v2\/product\/22590\/revisions\/22593"}],"wp:featuredmedia":[{"embeddable":true,"href":"https:\/\/realswisscheese.ch\/de\/wp-json\/wp\/v2\/media\/23816"}],"wp:attachment":[{"href":"https:\/\/realswisscheese.ch\/de\/wp-json\/wp\/v2\/media?parent=22590"}],"wp:term":[{"taxonomy":"product_brand","embeddable":true,"href":"https:\/\/realswisscheese.ch\/de\/wp-json\/wp\/v2\/product_brand?post=22590"},{"taxonomy":"product_cat","embeddable":true,"href":"https:\/\/realswisscheese.ch\/de\/wp-json\/wp\/v2\/product_cat?post=22590"},{"taxonomy":"product_tag","embeddable":true,"href":"https:\/\/realswisscheese.ch\/de\/wp-json\/wp\/v2\/product_tag?post=22590"}],"curies":[{"name":"wp","href":"https:\/\/api.w.org\/{rel}","templated":true}]}}