{"id":23407,"date":"2023-12-12T11:09:05","date_gmt":"2023-12-12T10:09:05","guid":{"rendered":"https:\/\/realswisscheese.com\/?post_type=product&#038;p=23407"},"modified":"2024-03-19T15:16:17","modified_gmt":"2024-03-19T14:16:17","slug":"gruyere-aop","status":"publish","type":"product","link":"https:\/\/realswisscheese.ch\/de\/product\/gruyere-aop\/","title":{"rendered":"Gruy\u00e8re AOP"},"content":{"rendered":"<table width=\"609\">\n<tbody>\n<tr>\n<td width=\"304\">Laibdurchmesser<\/td>\n<td width=\"304\">50-65cm<\/td>\n<\/tr>\n<tr>\n<td width=\"304\">Gewicht<\/td>\n<td width=\"304\">Laib: 25 - 40 kg<\/td>\n<\/tr>\n<tr>\n<td width=\"304\">Milch<\/td>\n<td width=\"304\">Kuhmilch<\/td>\n<\/tr>\n<tr>\n<td width=\"304\">Milchbehandlung<\/td>\n<td width=\"304\">Rohmilch<\/td>\n<\/tr>\n<\/tbody>\n<\/table>\n<table width=\"609\">\n<tbody>\n<tr>\n<td width=\"304\">Geschmack<\/td>\n<td width=\"304\">Fruchtig, leicht w\u00fcrzig bis kr\u00e4ftig<\/td>\n<\/tr>\n<tr>\n<td width=\"304\">Textur<\/td>\n<td width=\"304\">Geschmeidig, fest<\/td>\n<\/tr>\n<tr>\n<td width=\"304\">Farbe<\/td>\n<td width=\"304\">Elfenbeinfarben<\/td>\n<\/tr>\n<tr>\n<td width=\"304\"><\/td>\n<td width=\"304\"><\/td>\n<\/tr>\n<\/tbody>\n<\/table>\n<p>&nbsp;<\/p>","protected":false},"excerpt":{"rendered":"<p>Ein aufgeschnittenes St\u00fcck Le Gruy\u00e8re AOP serviert mit Trauben und Baumn\u00fcssen - so beginnt die Reise in die Welt eines echten Klassikers.\n\nSeinen Ursprung hat Gruy\u00e8re im charmanten Ort Gruy\u00e8res. Seit Jahrhunderten, genauer gesagt seit \u00fcber 800 Jahren wird hier K\u00e4se nach traditioneller Handwerkskunst hergestellt. Die Region im Kanton Freiburg gilt bis heute als Herzst\u00fcck dieser einzigartigen K\u00e4sekultur.\n\nDas gesch\u00fctzte AOP, Appellation d\u2019Origine Prot\u00e9g\u00e9e, garantiert dabei h\u00f6chste Qualit\u00e4t und echte Herkunft. Seit \u00fcber 20 Jahren steht dieses Label f\u00fcr streng kontrollierte Herstellung, regionale Milch und bew\u00e4hrte Rezepturen, ein echtes Qualit\u00e4tsversprechen.<\/p>\n<p><strong><br \/>\n<\/strong><span style=\"font-size: 1rem; letter-spacing: 0px;\"><strong>Classic:<\/strong> Reifezeit: mind. 5 Monate \u2013 Geschmack: fruchtig, mild-w\u00fcrzig - perfekt f\u00fcr Einsteiger<br \/>\n<\/span><strong style=\"font-size: 1rem; letter-spacing: 0px;\">R\u00e9serve: <\/strong>Reifezeit:<span style=\"font-size: 1rem; letter-spacing: 0px;\"> min. 10 months &#8211; <\/span>Geschmack<span style=\"font-size: 1rem; letter-spacing: 0px;\">: deutlich kr\u00e4ftiger, vollmundig, nussig<\/span><\/p>\n<p><strong>Verf\u00fcgbare Formate:<\/strong> Alle<\/p>","protected":false},"featured_media":23820,"template":"","meta":[],"product_brand":[],"product_cat":[211],"product_tag":[],"class_list":{"0":"post-23407","1":"product","2":"type-product","3":"status-publish","4":"has-post-thumbnail","6":"product_cat-swiss-classics","8":"first","9":"instock","10":"shipping-taxable","11":"product-type-simple"},"yoast_head":"<!-- This site is optimized with the Yoast SEO plugin v26.2 - https:\/\/yoast.com\/wordpress\/plugins\/seo\/ -->\n<title>Gruy\u00e8re AOP - RSC - Real Swiss Cheese<\/title>\n<meta name=\"robots\" content=\"index, follow, max-snippet:-1, max-image-preview:large, max-video-preview:-1\" \/>\n<link rel=\"canonical\" href=\"https:\/\/realswisscheese.ch\/de\/produkt\/gruyere-aop\/\" \/>\n<meta property=\"og:locale\" content=\"de_DE\" \/>\n<meta property=\"og:type\" content=\"article\" \/>\n<meta property=\"og:title\" content=\"Gruy\u00e8re AOP - RSC - Real Swiss Cheese\" \/>\n<meta property=\"og:description\" content=\"The legacy of Gruy\u00e8re cheese was borne in the small town of Gruy\u00e8res, Switzerland, with traditions stretching back a thousand years. Set amidst the stunning Swiss Alps, the Gruy\u00e8re region is more than a location \u2014it&#039;s the cradle of an age-old craft that has perfected the art of cheese-making and a to-do for everyone visiting Switzerland. This region is a heaven for cheese connoisseurs. The pure alpine environment has fostered the creation of this exquisite cheese. Gruy\u00e8re AOP proudly carried the &quot;Appellation d&#039;Origine Prot\u00e9g\u00e9e&quot; label for 20 years, ensuring it is crafted with the utmost respect for the time-honoured methods defining its character and complexity.   Classic: Maturation period\u00a0min. 5 months - Flavour: fruity, mildly piquant R\u00e9serve: Maturation period min. 10 months - Flavour: fruity, piquant  Available formats: All\" \/>\n<meta property=\"og:url\" content=\"https:\/\/realswisscheese.ch\/de\/produkt\/gruyere-aop\/\" \/>\n<meta property=\"og:site_name\" content=\"RSC - Real Swiss Cheese\" \/>\n<meta property=\"article:modified_time\" content=\"2024-03-19T14:16:17+00:00\" \/>\n<meta property=\"og:image\" content=\"https:\/\/realswisscheese.ch\/wp-content\/uploads\/2023\/12\/P_102_packshot_3_4meule_1_4_c_end2-PhotoRoom.png-PhotoRoom.png\" \/>\n\t<meta property=\"og:image:width\" content=\"1000\" \/>\n\t<meta property=\"og:image:height\" content=\"1000\" \/>\n\t<meta property=\"og:image:type\" content=\"image\/png\" \/>\n<meta name=\"twitter:card\" content=\"summary_large_image\" \/>\n<script type=\"application\/ld+json\" class=\"yoast-schema-graph\">{\"@context\":\"https:\/\/schema.org\",\"@graph\":[{\"@type\":\"WebPage\",\"@id\":\"https:\/\/realswisscheese.ch\/product\/gruyere-aop\/\",\"url\":\"https:\/\/realswisscheese.ch\/product\/gruyere-aop\/\",\"name\":\"Gruy\u00e8re AOP - RSC - Real Swiss Cheese\",\"isPartOf\":{\"@id\":\"https:\/\/realswisscheese.ch\/#website\"},\"primaryImageOfPage\":{\"@id\":\"https:\/\/realswisscheese.ch\/product\/gruyere-aop\/#primaryimage\"},\"image\":{\"@id\":\"https:\/\/realswisscheese.ch\/product\/gruyere-aop\/#primaryimage\"},\"thumbnailUrl\":\"https:\/\/realswisscheese.ch\/wp-content\/uploads\/2023\/12\/P_102_packshot_3_4meule_1_4_c_end2-PhotoRoom.png-PhotoRoom.png\",\"datePublished\":\"2023-12-12T10:09:05+00:00\",\"dateModified\":\"2024-03-19T14:16:17+00:00\",\"breadcrumb\":{\"@id\":\"https:\/\/realswisscheese.ch\/product\/gruyere-aop\/#breadcrumb\"},\"inLanguage\":\"de\",\"potentialAction\":[{\"@type\":\"ReadAction\",\"target\":[\"https:\/\/realswisscheese.ch\/product\/gruyere-aop\/\"]}]},{\"@type\":\"ImageObject\",\"inLanguage\":\"de\",\"@id\":\"https:\/\/realswisscheese.ch\/product\/gruyere-aop\/#primaryimage\",\"url\":\"https:\/\/realswisscheese.ch\/wp-content\/uploads\/2023\/12\/P_102_packshot_3_4meule_1_4_c_end2-PhotoRoom.png-PhotoRoom.png\",\"contentUrl\":\"https:\/\/realswisscheese.ch\/wp-content\/uploads\/2023\/12\/P_102_packshot_3_4meule_1_4_c_end2-PhotoRoom.png-PhotoRoom.png\",\"width\":1000,\"height\":1000},{\"@type\":\"BreadcrumbList\",\"@id\":\"https:\/\/realswisscheese.ch\/product\/gruyere-aop\/#breadcrumb\",\"itemListElement\":[{\"@type\":\"ListItem\",\"position\":1,\"name\":\"Home\",\"item\":\"https:\/\/realswisscheese.ch\/\"},{\"@type\":\"ListItem\",\"position\":2,\"name\":\"Our Products\",\"item\":\"https:\/\/realswisscheese.ch\/our-products\/\"},{\"@type\":\"ListItem\",\"position\":3,\"name\":\"Gruy\u00e8re AOP\"}]},{\"@type\":\"WebSite\",\"@id\":\"https:\/\/realswisscheese.ch\/#website\",\"url\":\"https:\/\/realswisscheese.ch\/\",\"name\":\"RSC - Real Swiss Cheese\",\"description\":\"Premium Swiss Cheese\",\"publisher\":{\"@id\":\"https:\/\/realswisscheese.ch\/#organization\"},\"potentialAction\":[{\"@type\":\"SearchAction\",\"target\":{\"@type\":\"EntryPoint\",\"urlTemplate\":\"https:\/\/realswisscheese.ch\/?s={search_term_string}\"},\"query-input\":{\"@type\":\"PropertyValueSpecification\",\"valueRequired\":true,\"valueName\":\"search_term_string\"}}],\"inLanguage\":\"de\"},{\"@type\":\"Organization\",\"@id\":\"https:\/\/realswisscheese.ch\/#organization\",\"name\":\"RSC - Real Swiss Cheese\",\"url\":\"https:\/\/realswisscheese.ch\/\",\"logo\":{\"@type\":\"ImageObject\",\"inLanguage\":\"de\",\"@id\":\"https:\/\/realswisscheese.ch\/#\/schema\/logo\/image\/\",\"url\":\"https:\/\/realswisscheese.ch\/wp-content\/uploads\/2023\/04\/cropped-Logo_RSC_RGB-1.png\",\"contentUrl\":\"https:\/\/realswisscheese.ch\/wp-content\/uploads\/2023\/04\/cropped-Logo_RSC_RGB-1.png\",\"width\":1200,\"height\":1200,\"caption\":\"RSC - Real Swiss Cheese\"},\"image\":{\"@id\":\"https:\/\/realswisscheese.ch\/#\/schema\/logo\/image\/\"}}]}<\/script>\n<!-- \/ Yoast SEO plugin. -->","yoast_head_json":{"title":"Gruy\u00e8re AOP - RSC - Real Swiss Cheese","robots":{"index":"index","follow":"follow","max-snippet":"max-snippet:-1","max-image-preview":"max-image-preview:large","max-video-preview":"max-video-preview:-1"},"canonical":"https:\/\/realswisscheese.ch\/de\/produkt\/gruyere-aop\/","og_locale":"de_DE","og_type":"article","og_title":"Gruy\u00e8re AOP - RSC - Real Swiss Cheese","og_description":"The legacy of Gruy\u00e8re cheese was borne in the small town of Gruy\u00e8res, Switzerland, with traditions stretching back a thousand years. Set amidst the stunning Swiss Alps, the Gruy\u00e8re region is more than a location \u2014it's the cradle of an age-old craft that has perfected the art of cheese-making and a to-do for everyone visiting Switzerland. This region is a heaven for cheese connoisseurs. The pure alpine environment has fostered the creation of this exquisite cheese. Gruy\u00e8re AOP proudly carried the \"Appellation d'Origine Prot\u00e9g\u00e9e\" label for 20 years, ensuring it is crafted with the utmost respect for the time-honoured methods defining its character and complexity.   Classic: Maturation period\u00a0min. 5 months - Flavour: fruity, mildly piquant R\u00e9serve: Maturation period min. 10 months - Flavour: fruity, piquant  Available formats: All","og_url":"https:\/\/realswisscheese.ch\/de\/produkt\/gruyere-aop\/","og_site_name":"RSC - Real Swiss Cheese","article_modified_time":"2024-03-19T14:16:17+00:00","og_image":[{"width":1000,"height":1000,"url":"https:\/\/realswisscheese.ch\/wp-content\/uploads\/2023\/12\/P_102_packshot_3_4meule_1_4_c_end2-PhotoRoom.png-PhotoRoom.png","type":"image\/png"}],"twitter_card":"summary_large_image","schema":{"@context":"https:\/\/schema.org","@graph":[{"@type":"WebPage","@id":"https:\/\/realswisscheese.ch\/product\/gruyere-aop\/","url":"https:\/\/realswisscheese.ch\/product\/gruyere-aop\/","name":"Gruy\u00e8re AOP - RSC - Real Swiss Cheese","isPartOf":{"@id":"https:\/\/realswisscheese.ch\/#website"},"primaryImageOfPage":{"@id":"https:\/\/realswisscheese.ch\/product\/gruyere-aop\/#primaryimage"},"image":{"@id":"https:\/\/realswisscheese.ch\/product\/gruyere-aop\/#primaryimage"},"thumbnailUrl":"https:\/\/realswisscheese.ch\/wp-content\/uploads\/2023\/12\/P_102_packshot_3_4meule_1_4_c_end2-PhotoRoom.png-PhotoRoom.png","datePublished":"2023-12-12T10:09:05+00:00","dateModified":"2024-03-19T14:16:17+00:00","breadcrumb":{"@id":"https:\/\/realswisscheese.ch\/product\/gruyere-aop\/#breadcrumb"},"inLanguage":"de","potentialAction":[{"@type":"ReadAction","target":["https:\/\/realswisscheese.ch\/product\/gruyere-aop\/"]}]},{"@type":"ImageObject","inLanguage":"de","@id":"https:\/\/realswisscheese.ch\/product\/gruyere-aop\/#primaryimage","url":"https:\/\/realswisscheese.ch\/wp-content\/uploads\/2023\/12\/P_102_packshot_3_4meule_1_4_c_end2-PhotoRoom.png-PhotoRoom.png","contentUrl":"https:\/\/realswisscheese.ch\/wp-content\/uploads\/2023\/12\/P_102_packshot_3_4meule_1_4_c_end2-PhotoRoom.png-PhotoRoom.png","width":1000,"height":1000},{"@type":"BreadcrumbList","@id":"https:\/\/realswisscheese.ch\/product\/gruyere-aop\/#breadcrumb","itemListElement":[{"@type":"ListItem","position":1,"name":"Home","item":"https:\/\/realswisscheese.ch\/"},{"@type":"ListItem","position":2,"name":"Our Products","item":"https:\/\/realswisscheese.ch\/our-products\/"},{"@type":"ListItem","position":3,"name":"Gruy\u00e8re AOP"}]},{"@type":"WebSite","@id":"https:\/\/realswisscheese.ch\/#website","url":"https:\/\/realswisscheese.ch\/","name":"RSC - Real Swiss Cheese","description":"Premium Swiss Cheese","publisher":{"@id":"https:\/\/realswisscheese.ch\/#organization"},"potentialAction":[{"@type":"SearchAction","target":{"@type":"EntryPoint","urlTemplate":"https:\/\/realswisscheese.ch\/?s={search_term_string}"},"query-input":{"@type":"PropertyValueSpecification","valueRequired":true,"valueName":"search_term_string"}}],"inLanguage":"de"},{"@type":"Organization","@id":"https:\/\/realswisscheese.ch\/#organization","name":"RSC - Real Swiss Cheese","url":"https:\/\/realswisscheese.ch\/","logo":{"@type":"ImageObject","inLanguage":"de","@id":"https:\/\/realswisscheese.ch\/#\/schema\/logo\/image\/","url":"https:\/\/realswisscheese.ch\/wp-content\/uploads\/2023\/04\/cropped-Logo_RSC_RGB-1.png","contentUrl":"https:\/\/realswisscheese.ch\/wp-content\/uploads\/2023\/04\/cropped-Logo_RSC_RGB-1.png","width":1200,"height":1200,"caption":"RSC - Real Swiss Cheese"},"image":{"@id":"https:\/\/realswisscheese.ch\/#\/schema\/logo\/image\/"}}]}},"_links":{"self":[{"href":"https:\/\/realswisscheese.ch\/de\/wp-json\/wp\/v2\/product\/23407","targetHints":{"allow":["GET"]}}],"collection":[{"href":"https:\/\/realswisscheese.ch\/de\/wp-json\/wp\/v2\/product"}],"about":[{"href":"https:\/\/realswisscheese.ch\/de\/wp-json\/wp\/v2\/types\/product"}],"version-history":[{"count":8,"href":"https:\/\/realswisscheese.ch\/de\/wp-json\/wp\/v2\/product\/23407\/revisions"}],"predecessor-version":[{"id":25566,"href":"https:\/\/realswisscheese.ch\/de\/wp-json\/wp\/v2\/product\/23407\/revisions\/25566"}],"wp:featuredmedia":[{"embeddable":true,"href":"https:\/\/realswisscheese.ch\/de\/wp-json\/wp\/v2\/media\/23820"}],"wp:attachment":[{"href":"https:\/\/realswisscheese.ch\/de\/wp-json\/wp\/v2\/media?parent=23407"}],"wp:term":[{"taxonomy":"product_brand","embeddable":true,"href":"https:\/\/realswisscheese.ch\/de\/wp-json\/wp\/v2\/product_brand?post=23407"},{"taxonomy":"product_cat","embeddable":true,"href":"https:\/\/realswisscheese.ch\/de\/wp-json\/wp\/v2\/product_cat?post=23407"},{"taxonomy":"product_tag","embeddable":true,"href":"https:\/\/realswisscheese.ch\/de\/wp-json\/wp\/v2\/product_tag?post=23407"}],"curies":[{"name":"wp","href":"https:\/\/api.w.org\/{rel}","templated":true}]}}