{"id":23413,"date":"2023-12-12T11:12:05","date_gmt":"2023-12-12T10:12:05","guid":{"rendered":"https:\/\/realswisscheese.com\/?post_type=product&#038;p=23413"},"modified":"2024-03-19T15:15:10","modified_gmt":"2024-03-19T14:15:10","slug":"tete-de-moine-aop","status":"publish","type":"product","link":"https:\/\/realswisscheese.ch\/de\/product\/tete-de-moine-aop\/","title":{"rendered":"T\u00eate de Moine AOP"},"content":{"rendered":"<table width=\"609\">\n<tbody>\n<tr>\n<td width=\"304\">Laibdurchmesser<\/td>\n<td width=\"304\">10-15cm<\/td>\n<\/tr>\n<tr>\n<td width=\"304\">Gewicht<\/td>\n<td width=\"304\">Laib: ca. 0.85 kg<\/td>\n<\/tr>\n<tr>\n<td width=\"304\">Milch<\/td>\n<td width=\"304\">Kuhmilch<\/td>\n<\/tr>\n<tr>\n<td width=\"304\">Milchbehandlung<\/td>\n<td width=\"304\">Rohmilch<\/td>\n<\/tr>\n<\/tbody>\n<\/table>\n<table width=\"609\">\n<tbody>\n<tr>\n<td width=\"304\">Typ<\/td>\n<td width=\"304\">Schnittk\u00e4se<\/td>\n<\/tr>\n<tr>\n<td width=\"304\">F.i.T.<\/td>\n<td width=\"304\">Min. 51%<\/td>\n<\/tr>\n<tr>\n<td width=\"304\">Lagerungstemperatur<\/td>\n<td width=\"304\">2 bis 6\u00b0C<\/td>\n<\/tr>\n<tr>\n<td width=\"304\">Textur<\/td>\n<td width=\"304\">Fein, geschmeidig<\/td>\n<\/tr>\n<tr>\n<td width=\"304\">Farbe<\/td>\n<td width=\"304\">Elfenbeinfarbig bi<\/td>\n<\/tr>\n<tr>\n<td width=\"304\"><\/td>\n<td width=\"304\"><\/td>\n<\/tr>\n<\/tbody>\n<\/table>","protected":false},"excerpt":{"rendered":"<p>Der T\u00eate de Moine AOP ist kein gew\u00f6hnlicher K\u00e4se - er ist ein echtes Erlebnis.\n\nSeine Geschichte reicht zur\u00fcck bis ins Jahr 1192, ins Kloster Abtei Bellelay im Schweizer Jura. Schon damals war dieser K\u00e4se so wertvoll, dass er von M\u00f6nchen sogar als Zahlungsmittel verwendet wurde. Heute wird er noch immer nach \u00fcberlieferten Rezepturen hergestellt - mit viel Handwerk, Geduld und Respekt vor der Tradition.<\/p>\n<p><strong>Classic: <\/strong>Reifezeit: min. 2.5 Monate - Geschmack: mild, ausgewogen und fein nussig<br \/>\n<strong>Reserve: <\/strong>Reifezeit: min. 4 Monate - Geschmack: kr\u00e4ftiger, aromatischer und mit mehr Tiefe<\/p>\n<p><strong>Verf\u00fcgbare Formate:<\/strong> Laib, 1\/2 Laib, Rosetten<\/p>","protected":false},"featured_media":24771,"template":"","meta":[],"product_brand":[],"product_cat":[211],"product_tag":[],"class_list":{"0":"post-23413","1":"product","2":"type-product","3":"status-publish","4":"has-post-thumbnail","6":"product_cat-swiss-classics","8":"first","9":"instock","10":"shipping-taxable","11":"product-type-simple"},"yoast_head":"<!-- This site is optimized with the Yoast SEO plugin v26.2 - https:\/\/yoast.com\/wordpress\/plugins\/seo\/ -->\n<title>T\u00eate de Moine AOP - RSC - Real Swiss Cheese<\/title>\n<meta name=\"robots\" content=\"index, follow, max-snippet:-1, max-image-preview:large, max-video-preview:-1\" \/>\n<link rel=\"canonical\" href=\"https:\/\/realswisscheese.ch\/de\/produkt\/tete-de-moine-aop\/\" \/>\n<meta property=\"og:locale\" content=\"de_DE\" \/>\n<meta property=\"og:type\" content=\"article\" \/>\n<meta property=\"og:title\" content=\"T\u00eate de Moine AOP - RSC - Real Swiss Cheese\" \/>\n<meta property=\"og:description\" content=\"T\u00eate de Moine cheese uncovers a delicacy with roots that stretch back to the Bellelay Monastery in 1192, a whole century before the Swiss Confederation came into existence. The Bellelay monks, mentioned in historical records, were known to use this very cheese to settle their annual property dues, demonstrating its value and tradition even back then. Today, while our dairy farmers and cheesemakers are equipped with contemporary tools, they remain true to the established, time-honored techniques that have been passed down through generations. It&#039;s this blend of old-world wisdom and modern efficiency that allows us to consistently produce T\u00eate de Moine cheese of exceptional quality, mirroring the same dedication as the monks of yesteryear.  Classic: Maturation period min. 2.5 months - Flavour: pure, nutty Reserve: Maturation period min. 4 months - Flavour: pure, nutty  Available formats: wheel, 1\u20442 wheel, curls\" \/>\n<meta property=\"og:url\" content=\"https:\/\/realswisscheese.ch\/de\/produkt\/tete-de-moine-aop\/\" \/>\n<meta property=\"og:site_name\" content=\"RSC - Real Swiss Cheese\" \/>\n<meta property=\"article:modified_time\" content=\"2024-03-19T14:15:10+00:00\" \/>\n<meta property=\"og:image\" content=\"https:\/\/realswisscheese.ch\/wp-content\/uploads\/2023\/12\/tetedeMoine-e1704975042516.png\" \/>\n\t<meta property=\"og:image:width\" content=\"840\" \/>\n\t<meta property=\"og:image:height\" content=\"840\" \/>\n\t<meta property=\"og:image:type\" content=\"image\/png\" \/>\n<meta name=\"twitter:card\" content=\"summary_large_image\" \/>\n<script type=\"application\/ld+json\" class=\"yoast-schema-graph\">{\"@context\":\"https:\/\/schema.org\",\"@graph\":[{\"@type\":\"WebPage\",\"@id\":\"https:\/\/realswisscheese.ch\/product\/tete-de-moine-aop\/\",\"url\":\"https:\/\/realswisscheese.ch\/product\/tete-de-moine-aop\/\",\"name\":\"T\u00eate de Moine AOP - RSC - Real Swiss Cheese\",\"isPartOf\":{\"@id\":\"https:\/\/realswisscheese.ch\/#website\"},\"primaryImageOfPage\":{\"@id\":\"https:\/\/realswisscheese.ch\/product\/tete-de-moine-aop\/#primaryimage\"},\"image\":{\"@id\":\"https:\/\/realswisscheese.ch\/product\/tete-de-moine-aop\/#primaryimage\"},\"thumbnailUrl\":\"https:\/\/realswisscheese.ch\/wp-content\/uploads\/2023\/12\/tetedeMoine-e1704975042516.png\",\"datePublished\":\"2023-12-12T10:12:05+00:00\",\"dateModified\":\"2024-03-19T14:15:10+00:00\",\"breadcrumb\":{\"@id\":\"https:\/\/realswisscheese.ch\/product\/tete-de-moine-aop\/#breadcrumb\"},\"inLanguage\":\"de\",\"potentialAction\":[{\"@type\":\"ReadAction\",\"target\":[\"https:\/\/realswisscheese.ch\/product\/tete-de-moine-aop\/\"]}]},{\"@type\":\"ImageObject\",\"inLanguage\":\"de\",\"@id\":\"https:\/\/realswisscheese.ch\/product\/tete-de-moine-aop\/#primaryimage\",\"url\":\"https:\/\/realswisscheese.ch\/wp-content\/uploads\/2023\/12\/tetedeMoine-e1704975042516.png\",\"contentUrl\":\"https:\/\/realswisscheese.ch\/wp-content\/uploads\/2023\/12\/tetedeMoine-e1704975042516.png\",\"width\":840,\"height\":840},{\"@type\":\"BreadcrumbList\",\"@id\":\"https:\/\/realswisscheese.ch\/product\/tete-de-moine-aop\/#breadcrumb\",\"itemListElement\":[{\"@type\":\"ListItem\",\"position\":1,\"name\":\"Home\",\"item\":\"https:\/\/realswisscheese.ch\/\"},{\"@type\":\"ListItem\",\"position\":2,\"name\":\"Our Products\",\"item\":\"https:\/\/realswisscheese.ch\/our-products\/\"},{\"@type\":\"ListItem\",\"position\":3,\"name\":\"T\u00eate de Moine AOP\"}]},{\"@type\":\"WebSite\",\"@id\":\"https:\/\/realswisscheese.ch\/#website\",\"url\":\"https:\/\/realswisscheese.ch\/\",\"name\":\"RSC - Real Swiss Cheese\",\"description\":\"Premium Swiss Cheese\",\"publisher\":{\"@id\":\"https:\/\/realswisscheese.ch\/#organization\"},\"potentialAction\":[{\"@type\":\"SearchAction\",\"target\":{\"@type\":\"EntryPoint\",\"urlTemplate\":\"https:\/\/realswisscheese.ch\/?s={search_term_string}\"},\"query-input\":{\"@type\":\"PropertyValueSpecification\",\"valueRequired\":true,\"valueName\":\"search_term_string\"}}],\"inLanguage\":\"de\"},{\"@type\":\"Organization\",\"@id\":\"https:\/\/realswisscheese.ch\/#organization\",\"name\":\"RSC - Real Swiss Cheese\",\"url\":\"https:\/\/realswisscheese.ch\/\",\"logo\":{\"@type\":\"ImageObject\",\"inLanguage\":\"de\",\"@id\":\"https:\/\/realswisscheese.ch\/#\/schema\/logo\/image\/\",\"url\":\"https:\/\/realswisscheese.ch\/wp-content\/uploads\/2023\/04\/cropped-Logo_RSC_RGB-1.png\",\"contentUrl\":\"https:\/\/realswisscheese.ch\/wp-content\/uploads\/2023\/04\/cropped-Logo_RSC_RGB-1.png\",\"width\":1200,\"height\":1200,\"caption\":\"RSC - Real Swiss Cheese\"},\"image\":{\"@id\":\"https:\/\/realswisscheese.ch\/#\/schema\/logo\/image\/\"}}]}<\/script>\n<!-- \/ Yoast SEO plugin. -->","yoast_head_json":{"title":"T\u00eate de Moine AOP - RSC - Real Swiss Cheese","robots":{"index":"index","follow":"follow","max-snippet":"max-snippet:-1","max-image-preview":"max-image-preview:large","max-video-preview":"max-video-preview:-1"},"canonical":"https:\/\/realswisscheese.ch\/de\/produkt\/tete-de-moine-aop\/","og_locale":"de_DE","og_type":"article","og_title":"T\u00eate de Moine AOP - RSC - Real Swiss Cheese","og_description":"T\u00eate de Moine cheese uncovers a delicacy with roots that stretch back to the Bellelay Monastery in 1192, a whole century before the Swiss Confederation came into existence. The Bellelay monks, mentioned in historical records, were known to use this very cheese to settle their annual property dues, demonstrating its value and tradition even back then. Today, while our dairy farmers and cheesemakers are equipped with contemporary tools, they remain true to the established, time-honored techniques that have been passed down through generations. It's this blend of old-world wisdom and modern efficiency that allows us to consistently produce T\u00eate de Moine cheese of exceptional quality, mirroring the same dedication as the monks of yesteryear.  Classic: Maturation period min. 2.5 months - Flavour: pure, nutty Reserve: Maturation period min. 4 months - Flavour: pure, nutty  Available formats: wheel, 1\u20442 wheel, curls","og_url":"https:\/\/realswisscheese.ch\/de\/produkt\/tete-de-moine-aop\/","og_site_name":"RSC - Real Swiss Cheese","article_modified_time":"2024-03-19T14:15:10+00:00","og_image":[{"width":840,"height":840,"url":"https:\/\/realswisscheese.ch\/wp-content\/uploads\/2023\/12\/tetedeMoine-e1704975042516.png","type":"image\/png"}],"twitter_card":"summary_large_image","schema":{"@context":"https:\/\/schema.org","@graph":[{"@type":"WebPage","@id":"https:\/\/realswisscheese.ch\/product\/tete-de-moine-aop\/","url":"https:\/\/realswisscheese.ch\/product\/tete-de-moine-aop\/","name":"T\u00eate de Moine AOP - RSC - Real Swiss Cheese","isPartOf":{"@id":"https:\/\/realswisscheese.ch\/#website"},"primaryImageOfPage":{"@id":"https:\/\/realswisscheese.ch\/product\/tete-de-moine-aop\/#primaryimage"},"image":{"@id":"https:\/\/realswisscheese.ch\/product\/tete-de-moine-aop\/#primaryimage"},"thumbnailUrl":"https:\/\/realswisscheese.ch\/wp-content\/uploads\/2023\/12\/tetedeMoine-e1704975042516.png","datePublished":"2023-12-12T10:12:05+00:00","dateModified":"2024-03-19T14:15:10+00:00","breadcrumb":{"@id":"https:\/\/realswisscheese.ch\/product\/tete-de-moine-aop\/#breadcrumb"},"inLanguage":"de","potentialAction":[{"@type":"ReadAction","target":["https:\/\/realswisscheese.ch\/product\/tete-de-moine-aop\/"]}]},{"@type":"ImageObject","inLanguage":"de","@id":"https:\/\/realswisscheese.ch\/product\/tete-de-moine-aop\/#primaryimage","url":"https:\/\/realswisscheese.ch\/wp-content\/uploads\/2023\/12\/tetedeMoine-e1704975042516.png","contentUrl":"https:\/\/realswisscheese.ch\/wp-content\/uploads\/2023\/12\/tetedeMoine-e1704975042516.png","width":840,"height":840},{"@type":"BreadcrumbList","@id":"https:\/\/realswisscheese.ch\/product\/tete-de-moine-aop\/#breadcrumb","itemListElement":[{"@type":"ListItem","position":1,"name":"Home","item":"https:\/\/realswisscheese.ch\/"},{"@type":"ListItem","position":2,"name":"Our Products","item":"https:\/\/realswisscheese.ch\/our-products\/"},{"@type":"ListItem","position":3,"name":"T\u00eate de Moine AOP"}]},{"@type":"WebSite","@id":"https:\/\/realswisscheese.ch\/#website","url":"https:\/\/realswisscheese.ch\/","name":"RSC - Real Swiss Cheese","description":"Premium Swiss Cheese","publisher":{"@id":"https:\/\/realswisscheese.ch\/#organization"},"potentialAction":[{"@type":"SearchAction","target":{"@type":"EntryPoint","urlTemplate":"https:\/\/realswisscheese.ch\/?s={search_term_string}"},"query-input":{"@type":"PropertyValueSpecification","valueRequired":true,"valueName":"search_term_string"}}],"inLanguage":"de"},{"@type":"Organization","@id":"https:\/\/realswisscheese.ch\/#organization","name":"RSC - Real Swiss Cheese","url":"https:\/\/realswisscheese.ch\/","logo":{"@type":"ImageObject","inLanguage":"de","@id":"https:\/\/realswisscheese.ch\/#\/schema\/logo\/image\/","url":"https:\/\/realswisscheese.ch\/wp-content\/uploads\/2023\/04\/cropped-Logo_RSC_RGB-1.png","contentUrl":"https:\/\/realswisscheese.ch\/wp-content\/uploads\/2023\/04\/cropped-Logo_RSC_RGB-1.png","width":1200,"height":1200,"caption":"RSC - Real Swiss Cheese"},"image":{"@id":"https:\/\/realswisscheese.ch\/#\/schema\/logo\/image\/"}}]}},"_links":{"self":[{"href":"https:\/\/realswisscheese.ch\/de\/wp-json\/wp\/v2\/product\/23413","targetHints":{"allow":["GET"]}}],"collection":[{"href":"https:\/\/realswisscheese.ch\/de\/wp-json\/wp\/v2\/product"}],"about":[{"href":"https:\/\/realswisscheese.ch\/de\/wp-json\/wp\/v2\/types\/product"}],"version-history":[{"count":8,"href":"https:\/\/realswisscheese.ch\/de\/wp-json\/wp\/v2\/product\/23413\/revisions"}],"predecessor-version":[{"id":23470,"href":"https:\/\/realswisscheese.ch\/de\/wp-json\/wp\/v2\/product\/23413\/revisions\/23470"}],"wp:featuredmedia":[{"embeddable":true,"href":"https:\/\/realswisscheese.ch\/de\/wp-json\/wp\/v2\/media\/24771"}],"wp:attachment":[{"href":"https:\/\/realswisscheese.ch\/de\/wp-json\/wp\/v2\/media?parent=23413"}],"wp:term":[{"taxonomy":"product_brand","embeddable":true,"href":"https:\/\/realswisscheese.ch\/de\/wp-json\/wp\/v2\/product_brand?post=23413"},{"taxonomy":"product_cat","embeddable":true,"href":"https:\/\/realswisscheese.ch\/de\/wp-json\/wp\/v2\/product_cat?post=23413"},{"taxonomy":"product_tag","embeddable":true,"href":"https:\/\/realswisscheese.ch\/de\/wp-json\/wp\/v2\/product_tag?post=23413"}],"curies":[{"name":"wp","href":"https:\/\/api.w.org\/{rel}","templated":true}]}}